{"id":9,"date":"2026-03-25T18:35:36","date_gmt":"2026-03-25T18:35:36","guid":{"rendered":"https:\/\/my.f2m.mx\/wordpress\/index.php\/home\/"},"modified":"2026-03-25T18:35:36","modified_gmt":"2026-03-25T18:35:36","slug":"home","status":"publish","type":"page","link":"https:\/\/f2m.com.mx\/home\/","title":{"rendered":"Inicio"},"content":{"rendered":"\n<h1 class=\"wp-block-heading\">Impulsa tu \u00e9xito con <span style=\"color:#55C6FB\">Innovaci\u00f3n Tecnol\u00f3gica<\/span><\/h1>\n\n\n<p>Transforma tus desaf\u00edos en oportunidades. Con nuestras soluciones personalizadas en TI, optimiza tus procesos y alcanza el \u00e9xito empresarial que siempre has deseado.<\/p>\n","protected":false},"excerpt":{"rendered":"<p>Impulsa tu \u00e9xito con Innovaci\u00f3n Tecnol\u00f3gica Transforma tus desaf\u00edos en oportunidades. Con nuestras soluciones personalizadas en TI, optimiza tus procesos y alcanza el \u00e9xito empresarial&#8230;<\/p>\n","protected":false},"author":1,"featured_media":0,"parent":0,"menu_order":0,"comment_status":"closed","ping_status":"closed","template":"","meta":{"footnotes":""},"class_list":["post-9","page","type-page","status-publish","hentry"],"_links":{"self":[{"href":"https:\/\/f2m.com.mx\/home\/index.php\/wp-json\/wp\/v2\/pages\/9","targetHints":{"allow":["GET"]}}],"collection":[{"href":"https:\/\/f2m.com.mx\/home\/index.php\/wp-json\/wp\/v2\/pages"}],"about":[{"href":"https:\/\/f2m.com.mx\/home\/index.php\/wp-json\/wp\/v2\/types\/page"}],"author":[{"embeddable":true,"href":"https:\/\/f2m.com.mx\/home\/index.php\/wp-json\/wp\/v2\/users\/1"}],"replies":[{"embeddable":true,"href":"https:\/\/f2m.com.mx\/home\/index.php\/wp-json\/wp\/v2\/comments?post=9"}],"version-history":[{"count":0,"href":"https:\/\/f2m.com.mx\/home\/index.php\/wp-json\/wp\/v2\/pages\/9\/revisions"}],"wp:attachment":[{"href":"https:\/\/f2m.com.mx\/home\/index.php\/wp-json\/wp\/v2\/media?parent=9"}],"curies":[{"name":"wp","href":"https:\/\/api.w.org\/{rel}","templated":true}]}}