{"id":10,"date":"2026-03-25T18:35:36","date_gmt":"2026-03-25T18:35:36","guid":{"rendered":"https:\/\/my.f2m.mx\/wordpress\/index.php\/about\/"},"modified":"2026-03-26T02:26:46","modified_gmt":"2026-03-26T02:26:46","slug":"about","status":"publish","type":"page","link":"https:\/\/f2m.com.mx\/home\/index.php\/about\/","title":{"rendered":"Acerca de"},"content":{"rendered":"\n<h2 class=\"wp-block-heading\">Qui\u00e9nes somos<\/h2>\n\n\n<p>En F2M, combinamos pasi\u00f3n por la tecnolog\u00eda con a\u00f1os de experiencia probada, brindando soluciones innovadoras que optimizan procesos y potencian el crecimiento empresarial.<\/p>\n\n\n<p>Nuestra misi\u00f3n es clara: transformar los negocios a trav\u00e9s de tecnolog\u00eda de vanguardia, brindando eficiencia y confianza a cada cliente.<\/p>\n","protected":false},"excerpt":{"rendered":"<p>Qui\u00e9nes somos En F2M, combinamos pasi\u00f3n por la tecnolog\u00eda con a\u00f1os de experiencia probada, brindando soluciones innovadoras que optimizan procesos y potencian el crecimiento empresarial&#8230;.<\/p>\n","protected":false},"author":1,"featured_media":0,"parent":0,"menu_order":0,"comment_status":"closed","ping_status":"closed","template":"templates\/template-about.php","meta":{"footnotes":""},"class_list":["post-10","page","type-page","status-publish","hentry"],"_links":{"self":[{"href":"https:\/\/f2m.com.mx\/home\/index.php\/wp-json\/wp\/v2\/pages\/10","targetHints":{"allow":["GET"]}}],"collection":[{"href":"https:\/\/f2m.com.mx\/home\/index.php\/wp-json\/wp\/v2\/pages"}],"about":[{"href":"https:\/\/f2m.com.mx\/home\/index.php\/wp-json\/wp\/v2\/types\/page"}],"author":[{"embeddable":true,"href":"https:\/\/f2m.com.mx\/home\/index.php\/wp-json\/wp\/v2\/users\/1"}],"replies":[{"embeddable":true,"href":"https:\/\/f2m.com.mx\/home\/index.php\/wp-json\/wp\/v2\/comments?post=10"}],"version-history":[{"count":1,"href":"https:\/\/f2m.com.mx\/home\/index.php\/wp-json\/wp\/v2\/pages\/10\/revisions"}],"predecessor-version":[{"id":65,"href":"https:\/\/f2m.com.mx\/home\/index.php\/wp-json\/wp\/v2\/pages\/10\/revisions\/65"}],"wp:attachment":[{"href":"https:\/\/f2m.com.mx\/home\/index.php\/wp-json\/wp\/v2\/media?parent=10"}],"curies":[{"name":"wp","href":"https:\/\/api.w.org\/{rel}","templated":true}]}}